
{"id":6408,"date":"2022-10-24T16:45:41","date_gmt":"2022-10-24T14:45:41","guid":{"rendered":"https:\/\/www.hotelgalassia.it\/?page_id=6408"},"modified":"2023-04-24T15:46:32","modified_gmt":"2023-04-24T13:46:32","slug":"por","status":"publish","type":"page","link":"https:\/\/www.hotelgalassia.it\/it\/por\/","title":{"rendered":"POR"},"content":{"rendered":"\t\t<div data-elementor-type=\"wp-page\" data-elementor-id=\"6408\" class=\"elementor elementor-6408\">\n\t\t\t\t\t\t<div class=\"elementor-inner\">\n\t\t\t\t<div class=\"elementor-section-wrap\">\n\t\t\t\t\t\t\t\t\t<section class=\"elementor-section elementor-top-section elementor-element elementor-element-7188a2e elementor-section-boxed elementor-section-height-default elementor-section-height-default\" data-id=\"7188a2e\" data-element_type=\"section\">\n\t\t\t\t\t\t<div class=\"elementor-container elementor-column-gap-default\">\n\t\t\t\t\t\t\t<div class=\"elementor-row\">\n\t\t\t\t\t<div class=\"elementor-column elementor-col-100 elementor-top-column elementor-element elementor-element-aeb5c3e\" data-id=\"aeb5c3e\" data-element_type=\"column\">\n\t\t\t<div class=\"elementor-column-wrap elementor-element-populated\">\n\t\t\t\t\t\t\t<div class=\"elementor-widget-wrap\">\n\t\t\t\t\t\t<div class=\"elementor-element elementor-element-320ab6b elementor-widget elementor-widget-image\" data-id=\"320ab6b\" data-element_type=\"widget\" data-widget_type=\"image.default\">\n\t\t\t\t<div class=\"elementor-widget-container\">\n\t\t\t\t\t\t\t\t<div class=\"elementor-image\">\n\t\t\t\t\t\t\t\t\t\t\t\t\t<a href=\"https:\/\/www.hotelgalassia.it\/wp-content\/uploads\/sites\/9\/2022\/10\/banner-top-porfesr.png\" data-elementor-open-lightbox=\"yes\" data-elementor-lightbox-title=\"banner-top-porfesr\" e-action-hash=\"#elementor-action%3Aaction%3Dlightbox%26settings%3DeyJpZCI6NjQ1MiwidXJsIjoiaHR0cHM6XC9cL3d3dy5ob3RlbGdhbGFzc2lhLml0XC93cC1jb250ZW50XC91cGxvYWRzXC9zaXRlc1wvOVwvMjAyMlwvMTBcL2Jhbm5lci10b3AtcG9yZmVzci5wbmcifQ%3D%3D\">\n\t\t\t\t\t\t\t<img width=\"1280\" height=\"585\" src=\"https:\/\/www.hotelgalassia.it\/wp-content\/uploads\/sites\/9\/2022\/10\/banner-top-porfesr.png\" class=\"attachment-full size-full\" alt=\"Banner POR grande\" loading=\"lazy\" srcset=\"https:\/\/www.hotelgalassia.it\/wp-content\/uploads\/sites\/9\/2022\/10\/banner-top-porfesr.png 1280w, https:\/\/www.hotelgalassia.it\/wp-content\/uploads\/sites\/9\/2022\/10\/banner-top-porfesr-300x137.png 300w, https:\/\/www.hotelgalassia.it\/wp-content\/uploads\/sites\/9\/2022\/10\/banner-top-porfesr-1024x468.png 1024w, https:\/\/www.hotelgalassia.it\/wp-content\/uploads\/sites\/9\/2022\/10\/banner-top-porfesr-768x351.png 768w\" sizes=\"(max-width: 1280px) 100vw, 1280px\" \/>\t\t\t\t\t\t\t\t<\/a>\n\t\t\t\t\t\t\t\t\t\t\t\t\t\t<\/div>\n\t\t\t\t\t\t<\/div>\n\t\t\t\t<\/div>\n\t\t\t\t<div class=\"elementor-element elementor-element-1a60f78 elementor-widget elementor-widget-heading\" data-id=\"1a60f78\" data-element_type=\"widget\" data-widget_type=\"heading.default\">\n\t\t\t\t<div class=\"elementor-widget-container\">\n\t\t\t<h2 class=\"elementor-heading-title elementor-size-xxl\">POR-FERS 2014-2020<\/h2>\t\t<\/div>\n\t\t\t\t<\/div>\n\t\t\t\t<div class=\"elementor-element elementor-element-3e599a9 elementor-widget elementor-widget-text-editor\" data-id=\"3e599a9\" data-element_type=\"widget\" data-widget_type=\"text-editor.default\">\n\t\t\t\t<div class=\"elementor-widget-container\">\n\t\t\t\t\t\t\t\t<div class=\"elementor-text-editor elementor-clearfix\">\n\t\t\t\t<div class=\"default-style\" style=\"font-family: arial, helvetica, sans-serif; font-size: 14px; color: #000000;\"><strong>3.3.4\/C &#8211; Sostegno alla competitivita&#8217; delle imprese nelle destinazioni turistiche, attraverso interventi di qualificazione dell\u2019offerta e innovazione di prodotto\/servizio<\/strong><\/div><div class=\"default-style\" style=\"font-family: arial, helvetica, sans-serif; font-size: 14px; color: #000000;\"><strong>Contributo: \u20ac 500.000<\/strong><\/div>\t\t\t\t\t<\/div>\n\t\t\t\t\t\t<\/div>\n\t\t\t\t<\/div>\n\t\t\t\t<div class=\"elementor-element elementor-element-281de4d elementor-widget elementor-widget-text-editor\" data-id=\"281de4d\" data-element_type=\"widget\" data-widget_type=\"text-editor.default\">\n\t\t\t\t<div class=\"elementor-widget-container\">\n\t\t\t\t\t\t\t\t<div class=\"elementor-text-editor elementor-clearfix\">\n\t\t\t\t<div class=\"default-style\"><p>Gli interventi del progetto mirano\u00a0 ad assicurare un totale ammodernamento,\u00a0 nell&#8217;ottica di uno sviluppo turistico sostenibile, con riguardo all&#8217;erogazione di nuovi servizi al turista che possano incrementare nel tempo le presenze sul territorio per tutto l&#8217;arco dell&#8217;anno.<\/p><p>Realizzazione di Junior suite e di suite deluxe: creazione di stanze con relative metrature che rispettino ci\u00f2 che la normativa prevista per un albergo a 4 stelle.<\/p><p>Rifacimento dei bagni che fino ad ora non sono mai stati ammodernati;<\/p><p>Completa ristrutturazione degli spazi comuni con particolare attenzione alla ristorazione che riveste e rivestir\u00e0 ancor di pi\u00f9 un&#8217;importanza strategica nell&#8217;offerta turistico ricettiva;<\/p><p>Ristrutturazione della piscina e di tutta la zona solarium con nuovi arredi;<\/p><p>Creazione nuova area Wellness, con servizi quali sauna, bagno turco, docce emozionali e zona relax;<\/p><p>Domotica avanzata nelle camere;<\/p><p>Installazione di una colonnina elettrica per incentivare e attirare i turisti, sempre pi\u00f9 numerosi, attenti al rispetto dell&#8217;ambiente;<\/p><p>Implementazione del servizio di cicloturismo<\/p><p>Riammodernamento della piscina pavimentazione, edilizia<\/p><p>Impianto fotovoltaico<\/p><p>Impianto solare termico<\/p><p>Riduzione consumo acqua potabile<\/p><p>\u00a0<\/p><p>Aumentare la classificazione di 2 livelli: da 3 stelle a 4 stelle<\/p><\/div>\t\t\t\t\t<\/div>\n\t\t\t\t\t\t<\/div>\n\t\t\t\t<\/div>\n\t\t\t\t\t\t<\/div>\n\t\t\t\t\t<\/div>\n\t\t<\/div>\n\t\t\t\t\t\t\t\t<\/div>\n\t\t\t\t\t<\/div>\n\t\t<\/section>\n\t\t\t\t<section class=\"elementor-section elementor-top-section elementor-element elementor-element-8ff72f3 elementor-section-boxed elementor-section-height-default elementor-section-height-default\" data-id=\"8ff72f3\" data-element_type=\"section\">\n\t\t\t\t\t\t<div class=\"elementor-container elementor-column-gap-default\">\n\t\t\t\t\t\t\t<div class=\"elementor-row\">\n\t\t\t\t\t<div class=\"elementor-column elementor-col-100 elementor-top-column elementor-element elementor-element-39aa60b\" data-id=\"39aa60b\" data-element_type=\"column\">\n\t\t\t<div class=\"elementor-column-wrap elementor-element-populated\">\n\t\t\t\t\t\t\t<div class=\"elementor-widget-wrap\">\n\t\t\t\t\t\t<div class=\"elementor-element elementor-element-4c265a0 elementor-widget elementor-widget-text-editor\" data-id=\"4c265a0\" data-element_type=\"widget\" data-widget_type=\"text-editor.default\">\n\t\t\t\t<div class=\"elementor-widget-container\">\n\t\t\t\t\t\t\t\t<div class=\"elementor-text-editor elementor-clearfix\">\n\t\t\t\t<p><strong>3.3.4 Sub-Azione D<\/strong> \u2013 \u201cSostegno alla competitivit\u00e0 delle imprese nelle destinazioni turistiche, attraverso interventi di qualificazione dell\u2019offerta e innovazione di prodotto\/servizio, strategica ed organizzativa\u201d \u2013 2020-2022<\/p><p>Num. Domanda 10282749, presentata il 09.06.2020<\/p><p><strong>Azione<\/strong><\/p><p>\u2022 <strong>3.3.4 Sub-Azione D<\/strong> \u2013 \u201cSostegno alla competitivit\u00e0 delle imprese nelle destinazioni turistiche, attraverso interventi di qualificazione dell\u2019offerta e innovazione di prodotto\/servizio, strategica ed organizzativa\u201d<\/p><p><strong>Descrizione sintetica del progetto<\/strong><\/p><p>Grazie al contributo POR FESR 2014-2020 della Regione del Veneto, il progetto denominato \u201cHOLY BIKE \u2013 Orientamento ai mercati internazionali della rete V.O.D.C.E.\u201d, ha permesso di promuovere, sviluppare e consolidare l\u2019aggregazione di PMI denominata V.O.D.C.E \u2013 Venezia Orientale Destinazione Cicloturistica d\u2019Eccellenza, nata nel 2017, attraverso la realizzazione di un intervento per l\u2019orientamento alla domanda turistica per i mercati internazionali, delle imprese aderenti.<\/p><p>Gli interventi, oggetto dell\u2019investimento, hanno portato:<\/p><ol><li>l\u2019implementate dei servizi destinati ai clienti dei retisti, quali il miglioramento della custodia delle biciclette con un deposito pi\u00f9 sicuro, la disponibilit\u00e0 di pi\u00f9 officine per la manutenzione delle bike, l\u2019introduzione di bike corner dedicati (con la possibilit\u00e0 di usufruire di prodotti alimentari \u2013 cibi e bevande \u2013 energetici finalizzati all\u2019attivit\u00e0 sportiva e per il ristoro dei clienti), la realizzazione di spazi dedicati quali info point, per il ciclo turismo nel territorio che consentano al cliente di disporre di materiale promo commerciale quali guide, brochure, depliant tutti dotati di QR Code, l\u2019introduzione di punti di appoggio per il lavaggio delle bike nonch\u00e9 del servizio di noleggio, del servizio di lavanderia dedicato oltre a servizi rivolti alla persona quali massaggi e Spa post attivit\u00e0 cicloturistiche.<\/li><li>Miglioramento della qualit\u00e0 del servizio offerto ai cicloturisti innovando il servizio e rendendolo maggiormente fruibile e appetibile al target dei ciclisti, attraverso la consulenza di un Bike Expert per rendere maggiormente fruibile e pi\u00f9 accattivante il servizio offerto ai cicloturisti e per aumentare l\u2019immagine ed il target dei clienti<\/li><li>restyling e aggiornamento del portale bike in responsive design, attribuendo un ruolo centrale al territorio, raccontato attraverso nuove immagini fotografiche e cartografiche dei percorsi<\/li><li>aggiornamento dello storytelling, con percorsi fruibili per raccontare la natura, l\u2019entroterra e le barche come storico mezzo di collegamento tra i territori, puntando contemporaneamente agli elementi storico-culturali (casoni, fari, rifugi dei pescatori, mulini, chiese, etc.) e soprattutto valorizzando l\u2019enogastronomia<\/li><li>aggiornamento delle landing page dei retisti per consentire agli utenti di individuare la struttura pi\u00f9 adatta<\/li><li>revisione completa del sito della rete, attraverso l\u2019elaborazione del web design con ottimizzazione automatica al device utilizzato; sono state effettuate la configurazione delle statistiche tramite Google Analytics, l\u2019ottimizzazione per i motori di ricerca tramite attivit\u00e0 di SEO oltre ad effettuare la manutenzione della piattaforma CMS. Il portale \u00e8 stato realizzato, oltre che in lingua italiana, anche in lingua inglese e tedesca.<\/li><\/ol><p>Le nuove attivit\u00e0 sviluppate nel mondo del cicloturismo, assieme a quelle gi\u00e0 esistenti, sono state sostenute tramite un piano di web marketing, sia globale della rete che dei singoli retisti, al fine di ampliare il pi\u00f9 possibile il bacino d\u2019utenza.<\/p><p>Il mix delle strategie di web marketing e web advertising sono state il cuore delle azioni di marketing in quanto, principale obiettivo della rete, \u00e8 quello di conquistare il miglior posizionamento all\u2019interno del mondo digitale. Ci si \u00e8 focalizzati soprattutto nel mercato tedesco e austriaco, dai quali proviene circa l\u201980% dei clienti.<\/p><p><strong>OBIETTIVI RAGGIUNTI<\/strong><\/p><p>Principale obiettivo raggiunto dalla rete \u00e8 stata la promozione del cicloturismo della costa e dell\u2019entroterra veneziano, integrando i servizi e l\u2019assistenza offerti al cicloturista.<\/p><p>\u00c8 stato valorizzato, attraverso iniziative di marketing e di comunicazione, il brand territoriale del Veneto, visto che la laguna veneziana ed il suo entroterra ne racchiude tutti i fattori tipici: la cucina (turismo enogastronomico), le citt\u00e0 d\u2019arte (turismo artistico), il mare e le spiagge (turismo balneare).<\/p><p>Attraverso l\u2019aggregazione \u00e8 stata promossa l\u2019internazionalizzazione del patrimonio culturale e territoriale della Laguna Veneta e del suo entroterra, garantendo la fruizione in maniera sostenibile, responsabile, innovativa, e soprattutto sicura dal punto di vista della salute e del distanziamento sociale, di fondamentale importanza in questo momento storico.<\/p><p><strong>Rete di imprese:<\/strong><br \/>CAPOFILA: ABA SERVIZI SOC. COOP<br \/>Progetto presentato per un importo di \u20ac 591.519,47<br \/>E\u2019 stata riconosciuta una spesa ammissibile e finanziabile di \u20ac 557.940,47 con un contributo concesso di \u20ac 278.970,24 sui Fondi POR FESR Veneto 2014-2020.<br \/>Ci sono 41 imprese retiste aderenti di cui 25 ammesse a contributo.<\/p>\t\t\t\t\t<\/div>\n\t\t\t\t\t\t<\/div>\n\t\t\t\t<\/div>\n\t\t\t\t\t\t<\/div>\n\t\t\t\t\t<\/div>\n\t\t<\/div>\n\t\t\t\t\t\t\t\t<\/div>\n\t\t\t\t\t<\/div>\n\t\t<\/section>\n\t\t\t\t<section class=\"elementor-section elementor-top-section elementor-element elementor-element-58fb639 elementor-section-boxed elementor-section-height-default elementor-section-height-default\" data-id=\"58fb639\" data-element_type=\"section\">\n\t\t\t\t\t\t<div class=\"elementor-container elementor-column-gap-default\">\n\t\t\t\t\t\t\t<div class=\"elementor-row\">\n\t\t\t\t\t<div class=\"elementor-column elementor-col-100 elementor-top-column elementor-element elementor-element-d46c0cd\" data-id=\"d46c0cd\" data-element_type=\"column\">\n\t\t\t<div class=\"elementor-column-wrap elementor-element-populated\">\n\t\t\t\t\t\t\t<div class=\"elementor-widget-wrap\">\n\t\t\t\t\t\t<div class=\"elementor-element elementor-element-4244916 elementor-widget elementor-widget-text-editor\" data-id=\"4244916\" data-element_type=\"widget\" data-widget_type=\"text-editor.default\">\n\t\t\t\t<div class=\"elementor-widget-container\">\n\t\t\t\t\t\t\t\t<div class=\"elementor-text-editor elementor-clearfix\">\n\t\t\t\t<p><strong>3.3.4 Sub Azione B<\/strong> \u2013 \u201cSostegno alla competitivit\u00e0 delle imprese nelle destinazioni turistiche attraverso interventi di qualificazione dell\u2019offerta e innovazione di prodotto\/servizio, strategica ed organizzativa\u201d \u2013 2017-2020<\/p><p>Num. Domanda 10043421, presentata il 10.11.2017<\/p><p><strong>Azione<\/strong><\/p><p>3.3.4 Sub Azione B \u2013 \u201cSostegno alla competitivit\u00e0 delle imprese nelle destinazioni turistiche attraverso interventi di qualificazione dell\u2019offerta e innovazione di prodotto\/servizio, strategica ed organizzativa\u201d<\/p><p><strong>Bando<\/strong><br \/>DGR N.2221 del 23\/12\/2016 \u2013 Azione 3.3.4, Sub Azione B \u201cSviluppo e il consolidamento di Reti di imprese e\/o club di prodotto<\/p><p><strong>Descrizione sintetica del progetto:<\/strong><br \/>La rete VODCE nasce per creare un prodotto cicloturistico di tutta la costa veneziana che va da Bibione a Cavallino-Treporti.<br \/>Costruisce un prodotto unico nel suo genere perch\u00e9 coniuga mare, bici, barca e laguna. E un prodotto complesso per cui solo attraverso una strategia di rete \u00e8 possibile realizzarlo. Il prodotto \u00e8 composto da un itinerario, quattro escursioni ed un evento.<\/p><p><strong>Rete di imprese:<\/strong><br \/>CAPOFILA: ABA SERVIZI SOC. COOP<br \/>Progetto presentato per un importo di \u20ac 445.003,20<br \/>E\u2019 stata riconosciuta una spesa ammissibile e finanziabile di \u20ac 400.000,00 con un contributo concesso di \u20ac 200.000,00 sui Fondi POR FESR Veneto 2014-2020.<br \/>Ci sono 30 imprese retiste aderenti di cui 26 ammesse a contributo.<\/p>\t\t\t\t\t<\/div>\n\t\t\t\t\t\t<\/div>\n\t\t\t\t<\/div>\n\t\t\t\t\t\t<\/div>\n\t\t\t\t\t<\/div>\n\t\t<\/div>\n\t\t\t\t\t\t\t\t<\/div>\n\t\t\t\t\t<\/div>\n\t\t<\/section>\n\t\t\t\t\t\t\t\t\t<\/div>\n\t\t\t<\/div>\n\t\t\t\t\t<\/div>\n\t\t","protected":false},"excerpt":{"rendered":"<p>POR-FERS 2014-2020 3.3.4\/C &#8211; Sostegno alla competitivita&#8217; delle imprese nelle destinazioni turistiche, attraverso interventi di qualificazione dell\u2019offerta e innovazione di prodotto\/servizioContributo: \u20ac 500.000 Gli interventi del progetto mirano\u00a0 ad assicurare un totale ammodernamento,\u00a0 nell&#8217;ottica di uno sviluppo turistico sostenibile, con riguardo all&#8217;erogazione di nuovi servizi al turista che possano incrementare nel tempo le presenze sul [&hellip;]<\/p>\n","protected":false},"author":1,"featured_media":0,"parent":0,"menu_order":0,"comment_status":"closed","ping_status":"closed","template":"","meta":[],"acf":[],"_links":{"self":[{"href":"https:\/\/www.hotelgalassia.it\/it\/wp-json\/wp\/v2\/pages\/6408"}],"collection":[{"href":"https:\/\/www.hotelgalassia.it\/it\/wp-json\/wp\/v2\/pages"}],"about":[{"href":"https:\/\/www.hotelgalassia.it\/it\/wp-json\/wp\/v2\/types\/page"}],"author":[{"embeddable":true,"href":"https:\/\/www.hotelgalassia.it\/it\/wp-json\/wp\/v2\/users\/1"}],"replies":[{"embeddable":true,"href":"https:\/\/www.hotelgalassia.it\/it\/wp-json\/wp\/v2\/comments?post=6408"}],"version-history":[{"count":53,"href":"https:\/\/www.hotelgalassia.it\/it\/wp-json\/wp\/v2\/pages\/6408\/revisions"}],"predecessor-version":[{"id":6652,"href":"https:\/\/www.hotelgalassia.it\/it\/wp-json\/wp\/v2\/pages\/6408\/revisions\/6652"}],"wp:attachment":[{"href":"https:\/\/www.hotelgalassia.it\/it\/wp-json\/wp\/v2\/media?parent=6408"}],"curies":[{"name":"wp","href":"https:\/\/api.w.org\/{rel}","templated":true}]}}