
{"id":2563,"date":"2018-12-10T10:28:07","date_gmt":"2018-12-10T09:28:07","guid":{"rendered":"https:\/\/galassia.elpirotest.com\/?page_id=2563"},"modified":"2019-02-27T12:01:20","modified_gmt":"2019-02-27T11:01:20","slug":"oenogastronomie","status":"publish","type":"page","link":"https:\/\/www.hotelgalassia.it\/de\/jesolo\/oenogastronomie\/","title":{"rendered":"Essen &amp; Wein"},"content":{"rendered":"\t\t<div data-elementor-type=\"wp-post\" data-elementor-id=\"2563\" class=\"elementor elementor-2563 elementor-1409 elementor-bc-flex-widget\">\n\t\t\t\t\t\t<div class=\"elementor-inner\">\n\t\t\t\t<div class=\"elementor-section-wrap\">\n\t\t\t\t\t\t\t\t\t<section class=\"elementor-section elementor-top-section elementor-element elementor-element-6b226368 box-with-border elementor-section-boxed elementor-section-height-default elementor-section-height-default elementor-invisible\" data-id=\"6b226368\" data-element_type=\"section\" data-settings=\"{&quot;animation&quot;:&quot;zoomIn&quot;}\">\n\t\t\t\t\t\t<div class=\"elementor-container elementor-column-gap-default\">\n\t\t\t\t\t\t\t<div class=\"elementor-row\">\n\t\t\t\t\t<div class=\"elementor-column elementor-col-100 elementor-top-column elementor-element elementor-element-419c3542\" data-id=\"419c3542\" data-element_type=\"column\">\n\t\t\t<div class=\"elementor-column-wrap elementor-element-populated\">\n\t\t\t\t\t\t\t<div class=\"elementor-widget-wrap\">\n\t\t\t\t\t\t<div class=\"elementor-element elementor-element-590ad0f3 elementor-widget elementor-widget-image\" data-id=\"590ad0f3\" data-element_type=\"widget\" data-widget_type=\"image.default\">\n\t\t\t\t<div class=\"elementor-widget-container\">\n\t\t\t\t\t\t\t\t<div class=\"elementor-image\">\n\t\t\t\t\t\t\t\t\t\t\t\t<img width=\"1024\" height=\"683\" src=\"https:\/\/www.hotelgalassia.it\/wp-content\/uploads\/sites\/9\/2018\/09\/foodwine-1024x683.jpg\" class=\"attachment-large size-large\" alt=\"\" loading=\"lazy\" srcset=\"https:\/\/www.hotelgalassia.it\/wp-content\/uploads\/sites\/9\/2018\/09\/foodwine-1024x683.jpg 1024w, https:\/\/www.hotelgalassia.it\/wp-content\/uploads\/sites\/9\/2018\/09\/foodwine-300x200.jpg 300w, https:\/\/www.hotelgalassia.it\/wp-content\/uploads\/sites\/9\/2018\/09\/foodwine-768x512.jpg 768w, https:\/\/www.hotelgalassia.it\/wp-content\/uploads\/sites\/9\/2018\/09\/foodwine.jpg 1920w\" sizes=\"(max-width: 1024px) 100vw, 1024px\" \/>\t\t\t\t\t\t\t\t\t\t\t\t\t\t<\/div>\n\t\t\t\t\t\t<\/div>\n\t\t\t\t<\/div>\n\t\t\t\t<div class=\"elementor-element elementor-element-6ac8942b title-mattia elementor-widget elementor-widget-text-editor\" data-id=\"6ac8942b\" data-element_type=\"widget\" data-widget_type=\"text-editor.default\">\n\t\t\t\t<div class=\"elementor-widget-container\">\n\t\t\t\t\t\t\t\t<div class=\"elementor-text-editor elementor-clearfix\">\n\t\t\t\t<p>Essen &amp; Wein<\/p>\n\t\t\t\t\t<\/div>\n\t\t\t\t\t\t<\/div>\n\t\t\t\t<\/div>\n\t\t\t\t<div class=\"elementor-element elementor-element-6929685d text-mattia elementor-widget elementor-widget-text-editor\" data-id=\"6929685d\" data-element_type=\"widget\" data-widget_type=\"text-editor.default\">\n\t\t\t\t<div class=\"elementor-widget-container\">\n\t\t\t\t\t\t\t\t<div class=\"elementor-text-editor elementor-clearfix\">\n\t\t\t\t<p>Jesolo ist nicht nur f\u00fcr sein Meer und die vielen Touristikangebote bekannt, sondern auch f\u00fcr seine kulinarische Kultur. Die Stadt liegt auf einer Seite am Meer, ist auf der anderen dagegen von gro\u00dfz\u00fcgigen landwirtschaftlichen Gegenden und Fl\u00fcssen eingerahmt, somit kann Jesolo die Flora und Fauna nutzen, um sie in einladende gastronomische Spezialit\u00e4ten umzuwandeln.<\/p>\n\t\t\t\t\t<\/div>\n\t\t\t\t\t\t<\/div>\n\t\t\t\t<\/div>\n\t\t\t\t<div class=\"elementor-element elementor-element-18997f3 elementor-widget-divider--view-line elementor-widget elementor-widget-divider\" data-id=\"18997f3\" data-element_type=\"widget\" data-widget_type=\"divider.default\">\n\t\t\t\t<div class=\"elementor-widget-container\">\n\t\t\t\t\t<div class=\"elementor-divider\">\n\t\t\t<span class=\"elementor-divider-separator\">\n\t\t\t\t\t\t<\/span>\n\t\t<\/div>\n\t\t\t\t<\/div>\n\t\t\t\t<\/div>\n\t\t\t\t<section class=\"elementor-section elementor-top-section elementor-element elementor-element-4d168cf box-with-border elementor-section-boxed elementor-section-height-default elementor-section-height-default elementor-invisible\" data-id=\"4d168cf\" data-element_type=\"section\" data-settings=\"{&quot;animation&quot;:&quot;bounceInLeft&quot;}\">\n\t\t\t\t\t\t<div class=\"elementor-container elementor-column-gap-default\">\n\t\t\t\t\t\t\t<div class=\"elementor-row\">\n\t\t\t\t\t<div class=\"elementor-column elementor-col-66 elementor-top-column elementor-element elementor-element-bd62711\" data-id=\"bd62711\" data-element_type=\"column\">\n\t\t\t<div class=\"elementor-column-wrap elementor-element-populated\">\n\t\t\t\t\t\t\t<div class=\"elementor-widget-wrap\">\n\t\t\t\t\t\t<div class=\"elementor-element elementor-element-5772474 text-mattia elementor-widget elementor-widget-heading\" data-id=\"5772474\" data-element_type=\"widget\" data-widget_type=\"heading.default\">\n\t\t\t\t<div class=\"elementor-widget-container\">\n\t\t\t<h2 class=\"elementor-heading-title elementor-size-default\">Kulinarische Tradition<\/h2>\t\t<\/div>\n\t\t\t\t<\/div>\n\t\t\t\t<div class=\"elementor-element elementor-element-ff4349d text-mattia elementor-widget elementor-widget-text-editor\" data-id=\"ff4349d\" data-element_type=\"widget\" data-widget_type=\"text-editor.default\">\n\t\t\t\t<div class=\"elementor-widget-container\">\n\t\t\t\t\t\t\t\t<div class=\"elementor-text-editor elementor-clearfix\">\n\t\t\t\t<p>Jesolo ist nicht nur f\u00fcr sein Meer und die vielen Touristikangebote bekannt, sondern auch f\u00fcr seine kulinarische Kultur. Lido di Jesolo wei\u00df seine vielen Ressourcen der Gegend zu nutzen, um sie in einladende gastronomische Spezialit\u00e4ten umzuwandeln. Die kulinarischen Angebote fehlen dank einer langen gastronomischen Tradition, die von Generation zu Generation weitergegeben wurde, sicherlich nicht; hierzu kommt die Phantasie und F\u00e4higkeit der zahlreichen K\u00fcchenchefs, die in der Stadt am Meer t\u00e4tig sind. Schlie\u00dflich sind die in Jesolo gedeckten Tische immer von einer hervorragenden Auswahl an Weinen begleitet, die aus den gro\u00dfz\u00fcgigen venezianischen Weinbergen stammen. In Jesolo ist der Urlaub jedes Gastes immer&#8230; geschmackvoll.<\/p>\n\t\t\t\t\t<\/div>\n\t\t\t\t\t\t<\/div>\n\t\t\t\t<\/div>\n\t\t\t\t\t\t<\/div>\n\t\t\t\t\t<\/div>\n\t\t<\/div>\n\t\t\t\t<div class=\"elementor-column elementor-col-33 elementor-top-column elementor-element elementor-element-3552776\" data-id=\"3552776\" data-element_type=\"column\">\n\t\t\t<div class=\"elementor-column-wrap elementor-element-populated\">\n\t\t\t\t\t\t\t<div class=\"elementor-widget-wrap\">\n\t\t\t\t\t\t<div class=\"elementor-element elementor-element-0551573 elementor-widget elementor-widget-image\" data-id=\"0551573\" data-element_type=\"widget\" data-widget_type=\"image.default\">\n\t\t\t\t<div class=\"elementor-widget-container\">\n\t\t\t\t\t\t\t\t<div class=\"elementor-image\">\n\t\t\t\t\t\t\t\t\t\t\t\t<img width=\"372\" height=\"248\" src=\"https:\/\/www.hotelgalassia.it\/wp-content\/uploads\/sites\/9\/2018\/09\/CulinaryTradition\u200b.jpg\" class=\"elementor-animation-grow attachment-large size-large\" alt=\"\" loading=\"lazy\" srcset=\"https:\/\/www.hotelgalassia.it\/wp-content\/uploads\/sites\/9\/2018\/09\/CulinaryTradition\u200b.jpg 372w, https:\/\/www.hotelgalassia.it\/wp-content\/uploads\/sites\/9\/2018\/09\/CulinaryTradition\u200b-300x200.jpg 300w\" sizes=\"(max-width: 372px) 100vw, 372px\" \/>\t\t\t\t\t\t\t\t\t\t\t\t\t\t<\/div>\n\t\t\t\t\t\t<\/div>\n\t\t\t\t<\/div>\n\t\t\t\t\t\t<\/div>\n\t\t\t\t\t<\/div>\n\t\t<\/div>\n\t\t\t\t\t\t\t\t<\/div>\n\t\t\t\t\t<\/div>\n\t\t<\/section>\n\t\t\t\t<section class=\"elementor-section elementor-top-section elementor-element elementor-element-b534a3b box-with-border elementor-section-boxed elementor-section-height-default elementor-section-height-default elementor-invisible\" data-id=\"b534a3b\" data-element_type=\"section\" data-settings=\"{&quot;animation&quot;:&quot;bounceInRight&quot;}\">\n\t\t\t\t\t\t<div class=\"elementor-container elementor-column-gap-default\">\n\t\t\t\t\t\t\t<div class=\"elementor-row\">\n\t\t\t\t\t<div class=\"elementor-column elementor-col-66 elementor-top-column elementor-element elementor-element-155cab2\" data-id=\"155cab2\" data-element_type=\"column\">\n\t\t\t<div class=\"elementor-column-wrap elementor-element-populated\">\n\t\t\t\t\t\t\t<div class=\"elementor-widget-wrap\">\n\t\t\t\t\t\t<div class=\"elementor-element elementor-element-83a6e2c text-mattia elementor-widget elementor-widget-heading\" data-id=\"83a6e2c\" data-element_type=\"widget\" data-widget_type=\"heading.default\">\n\t\t\t\t<div class=\"elementor-widget-container\">\n\t\t\t<h2 class=\"elementor-heading-title elementor-size-default\">Fischspezialit\u00e4ten<\/h2>\t\t<\/div>\n\t\t\t\t<\/div>\n\t\t\t\t<div class=\"elementor-element elementor-element-3bb8d72 text-mattia elementor-widget elementor-widget-text-editor\" data-id=\"3bb8d72\" data-element_type=\"widget\" data-widget_type=\"text-editor.default\">\n\t\t\t\t<div class=\"elementor-widget-container\">\n\t\t\t\t\t\t\t\t<div class=\"elementor-text-editor elementor-clearfix\">\n\t\t\t\t<p>Dank der Natur ihrer Gegend, der langen Fischereitradition des Lidos und ihrer Liebe zum Tourismus kann Jesolo ein reiches Panorama an Restaurants aufweisen, die wetteifern, wer das vorz\u00fcglichste Men\u00fc anbietet. Die Wahl f\u00e4llt wirklich schwer, angefangen bei den vielen Gerichten mit Seefisch, die jeden Tag in den Men\u00fcs jedes Lokals oder Hotels aufgelistet sind: Der frische Seefisch ist das Herz der Jesolo-Gastronomie, die Zutat, die in keinem Urlaub fehlen darf, da sie in gro\u00dfer Auswahl und Reichhaltigkeit vorkommt. Zu den Meeresspezialit\u00e4ten geh\u00f6ren Krustentiere und Weichtiere, wie Krebse, Miesmuscheln und Venusmuscheln und weitere, die schmackhaften Pescadee (kleine Fische, die in den Fischernetzen h\u00e4ngen bleiben), aber auch Seebarsche und Goldbrassen. In Jesolo kann au\u00dferdem auch ein sehr guter frischer Flussfisch gegessen werden, der direkt aus den Fl\u00fcssen um die Stadt kommt, wie Aale, Forellen, Schleien und Karpfen.<\/p>\n\t\t\t\t\t<\/div>\n\t\t\t\t\t\t<\/div>\n\t\t\t\t<\/div>\n\t\t\t\t\t\t<\/div>\n\t\t\t\t\t<\/div>\n\t\t<\/div>\n\t\t\t\t<div class=\"elementor-column elementor-col-33 elementor-top-column elementor-element elementor-element-90f3d48\" data-id=\"90f3d48\" data-element_type=\"column\">\n\t\t\t<div class=\"elementor-column-wrap elementor-element-populated\">\n\t\t\t\t\t\t\t<div class=\"elementor-widget-wrap\">\n\t\t\t\t\t\t<div class=\"elementor-element elementor-element-de5fbcf elementor-widget elementor-widget-image\" data-id=\"de5fbcf\" data-element_type=\"widget\" data-widget_type=\"image.default\">\n\t\t\t\t<div class=\"elementor-widget-container\">\n\t\t\t\t\t\t\t\t<div class=\"elementor-image\">\n\t\t\t\t\t\t\t\t\t\t\t\t<img width=\"372\" height=\"248\" src=\"https:\/\/www.hotelgalassia.it\/wp-content\/uploads\/sites\/9\/2018\/09\/SpecialityFishDishes\u200b.jpg\" class=\"elementor-animation-grow attachment-large size-large\" alt=\"\" loading=\"lazy\" srcset=\"https:\/\/www.hotelgalassia.it\/wp-content\/uploads\/sites\/9\/2018\/09\/SpecialityFishDishes\u200b.jpg 372w, https:\/\/www.hotelgalassia.it\/wp-content\/uploads\/sites\/9\/2018\/09\/SpecialityFishDishes\u200b-300x200.jpg 300w\" sizes=\"(max-width: 372px) 100vw, 372px\" \/>\t\t\t\t\t\t\t\t\t\t\t\t\t\t<\/div>\n\t\t\t\t\t\t<\/div>\n\t\t\t\t<\/div>\n\t\t\t\t\t\t<\/div>\n\t\t\t\t\t<\/div>\n\t\t<\/div>\n\t\t\t\t\t\t\t\t<\/div>\n\t\t\t\t\t<\/div>\n\t\t<\/section>\n\t\t\t\t<section class=\"elementor-section elementor-top-section elementor-element elementor-element-c1a1315 box-with-border elementor-section-boxed elementor-section-height-default elementor-section-height-default elementor-invisible\" data-id=\"c1a1315\" data-element_type=\"section\" data-settings=\"{&quot;animation&quot;:&quot;bounceInLeft&quot;}\">\n\t\t\t\t\t\t<div class=\"elementor-container elementor-column-gap-default\">\n\t\t\t\t\t\t\t<div class=\"elementor-row\">\n\t\t\t\t\t<div class=\"elementor-column elementor-col-66 elementor-top-column elementor-element elementor-element-8477212\" data-id=\"8477212\" data-element_type=\"column\">\n\t\t\t<div class=\"elementor-column-wrap elementor-element-populated\">\n\t\t\t\t\t\t\t<div class=\"elementor-widget-wrap\">\n\t\t\t\t\t\t<div class=\"elementor-element elementor-element-7a07e55 text-mattia elementor-widget elementor-widget-heading\" data-id=\"7a07e55\" data-element_type=\"widget\" data-widget_type=\"heading.default\">\n\t\t\t\t<div class=\"elementor-widget-container\">\n\t\t\t<h2 class=\"elementor-heading-title elementor-size-default\">Lokale Produkte<\/h2>\t\t<\/div>\n\t\t\t\t<\/div>\n\t\t\t\t<div class=\"elementor-element elementor-element-15fb80a text-mattia elementor-widget elementor-widget-text-editor\" data-id=\"15fb80a\" data-element_type=\"widget\" data-widget_type=\"text-editor.default\">\n\t\t\t\t<div class=\"elementor-widget-container\">\n\t\t\t\t\t\t\t\t<div class=\"elementor-text-editor elementor-clearfix\">\n\t\t\t\t<p>Der Lido ist von gro\u00dfz\u00fcgigen und weit reichenden landschaftlichen Gegenden umrahmt und kann somit nicht nur gute Fischspezialit\u00e4ten, sondern auch ein au\u00dfergew\u00f6hnliches Angebot an frischen und nat\u00fcrlichen Gem\u00fcsesorten anbieten, die in seinem Binnenland angebaut werden, aber auch gute Fleischsorten, die aus \u00f6rtlichen Betrieben stammen. Im Binnenland von Jesolo liegt eine gro\u00dfe und fruchtbare landschaftliche Gegend, die zahlreiche Anbauten und viele Bauernh\u00f6fe, Zuchtbetriebe und Biobauernh\u00f6fe aufweist. Jedes Produkt deckt die Tische der Hotels und Restaurants in Jesolo und bringt die Unverf\u00e4lschtheit und D\u00fcfte ihrer Gegend mit sich, ein Geschenk des fruchtbaren und \u00fcppigen Bodens.<\/p>\n\t\t\t\t\t<\/div>\n\t\t\t\t\t\t<\/div>\n\t\t\t\t<\/div>\n\t\t\t\t\t\t<\/div>\n\t\t\t\t\t<\/div>\n\t\t<\/div>\n\t\t\t\t<div class=\"elementor-column elementor-col-33 elementor-top-column elementor-element elementor-element-f9f7d38\" data-id=\"f9f7d38\" data-element_type=\"column\">\n\t\t\t<div class=\"elementor-column-wrap elementor-element-populated\">\n\t\t\t\t\t\t\t<div class=\"elementor-widget-wrap\">\n\t\t\t\t\t\t<div class=\"elementor-element elementor-element-3bf49c4 elementor-widget elementor-widget-image\" data-id=\"3bf49c4\" data-element_type=\"widget\" data-widget_type=\"image.default\">\n\t\t\t\t<div class=\"elementor-widget-container\">\n\t\t\t\t\t\t\t\t<div class=\"elementor-image\">\n\t\t\t\t\t\t\t\t\t\t\t\t<img width=\"372\" height=\"248\" src=\"https:\/\/www.hotelgalassia.it\/wp-content\/uploads\/sites\/9\/2018\/09\/LocalProducts.jpg\" class=\"elementor-animation-grow attachment-large size-large\" alt=\"\" loading=\"lazy\" srcset=\"https:\/\/www.hotelgalassia.it\/wp-content\/uploads\/sites\/9\/2018\/09\/LocalProducts.jpg 372w, https:\/\/www.hotelgalassia.it\/wp-content\/uploads\/sites\/9\/2018\/09\/LocalProducts-300x200.jpg 300w\" sizes=\"(max-width: 372px) 100vw, 372px\" \/>\t\t\t\t\t\t\t\t\t\t\t\t\t\t<\/div>\n\t\t\t\t\t\t<\/div>\n\t\t\t\t<\/div>\n\t\t\t\t\t\t<\/div>\n\t\t\t\t\t<\/div>\n\t\t<\/div>\n\t\t\t\t\t\t\t\t<\/div>\n\t\t\t\t\t<\/div>\n\t\t<\/section>\n\t\t\t\t<section class=\"elementor-section elementor-top-section elementor-element elementor-element-38a85b2 box-with-border elementor-section-boxed elementor-section-height-default elementor-section-height-default elementor-invisible\" data-id=\"38a85b2\" data-element_type=\"section\" data-settings=\"{&quot;animation&quot;:&quot;bounceInRight&quot;}\">\n\t\t\t\t\t\t<div class=\"elementor-container elementor-column-gap-default\">\n\t\t\t\t\t\t\t<div class=\"elementor-row\">\n\t\t\t\t\t<div class=\"elementor-column elementor-col-66 elementor-top-column elementor-element elementor-element-0f2457b\" data-id=\"0f2457b\" data-element_type=\"column\">\n\t\t\t<div class=\"elementor-column-wrap elementor-element-populated\">\n\t\t\t\t\t\t\t<div class=\"elementor-widget-wrap\">\n\t\t\t\t\t\t<div class=\"elementor-element elementor-element-afca1f1 text-mattia elementor-widget elementor-widget-heading\" data-id=\"afca1f1\" data-element_type=\"widget\" data-widget_type=\"heading.default\">\n\t\t\t\t<div class=\"elementor-widget-container\">\n\t\t\t<h2 class=\"elementor-heading-title elementor-size-default\">Qualit\u00e4tsrestaurants<\/h2>\t\t<\/div>\n\t\t\t\t<\/div>\n\t\t\t\t<div class=\"elementor-element elementor-element-ebe70af text-mattia elementor-widget elementor-widget-text-editor\" data-id=\"ebe70af\" data-element_type=\"widget\" data-widget_type=\"text-editor.default\">\n\t\t\t\t<div class=\"elementor-widget-container\">\n\t\t\t\t\t\t\t\t<div class=\"elementor-text-editor elementor-clearfix\">\n\t\t\t\t<p>Was die K\u00fcche von Jesolo so besonders und jedes Jahr von Millionen Touristen anerkannt macht, ist au\u00dfer der Zutaten erster Qualit\u00e4t der Gegend auch die Erfahrung und Professionalit\u00e4t vieler Restaurantexperten, die hier t\u00e4tig sind und einen gastronomischen Service mit Qualit\u00e4t und Fortschritt bieten. Jesolo ist jedes Jahr auch dank der gro\u00dfen Auswahl an Restaurants und Lokalen mit hohem Niveau das bevorzugte Ziel zahlreicher Touristen aus der ganzen Welt. In den Restaurants, Trattorien, Gastwirtschaften, Kellereien, Weinhandlungen, Pizzerien, Biobauernh\u00f6fen usw.. wird den G\u00e4sten jeder Wunsch abgelesen, angefangen bei der eleganten K\u00fcche unseres Hotels.<\/p>\n\t\t\t\t\t<\/div>\n\t\t\t\t\t\t<\/div>\n\t\t\t\t<\/div>\n\t\t\t\t\t\t<\/div>\n\t\t\t\t\t<\/div>\n\t\t<\/div>\n\t\t\t\t<div class=\"elementor-column elementor-col-33 elementor-top-column elementor-element elementor-element-ffd36d2\" data-id=\"ffd36d2\" data-element_type=\"column\">\n\t\t\t<div class=\"elementor-column-wrap elementor-element-populated\">\n\t\t\t\t\t\t\t<div class=\"elementor-widget-wrap\">\n\t\t\t\t\t\t<div class=\"elementor-element elementor-element-9845d4c elementor-widget elementor-widget-image\" data-id=\"9845d4c\" data-element_type=\"widget\" data-widget_type=\"image.default\">\n\t\t\t\t<div class=\"elementor-widget-container\">\n\t\t\t\t\t\t\t\t<div class=\"elementor-image\">\n\t\t\t\t\t\t\t\t\t\t\t\t<img width=\"372\" height=\"248\" src=\"https:\/\/www.hotelgalassia.it\/wp-content\/uploads\/sites\/9\/2018\/09\/QualityCatering-small.jpg\" class=\"elementor-animation-grow attachment-large size-large\" alt=\"\" loading=\"lazy\" srcset=\"https:\/\/www.hotelgalassia.it\/wp-content\/uploads\/sites\/9\/2018\/09\/QualityCatering-small.jpg 372w, https:\/\/www.hotelgalassia.it\/wp-content\/uploads\/sites\/9\/2018\/09\/QualityCatering-small-300x200.jpg 300w\" sizes=\"(max-width: 372px) 100vw, 372px\" \/>\t\t\t\t\t\t\t\t\t\t\t\t\t\t<\/div>\n\t\t\t\t\t\t<\/div>\n\t\t\t\t<\/div>\n\t\t\t\t\t\t<\/div>\n\t\t\t\t\t<\/div>\n\t\t<\/div>\n\t\t\t\t\t\t\t\t<\/div>\n\t\t\t\t\t<\/div>\n\t\t<\/section>\n\t\t\t\t\t\t<\/div>\n\t\t\t\t\t<\/div>\n\t\t<\/div>\n\t\t\t\t\t\t\t\t<\/div>\n\t\t\t\t\t<\/div>\n\t\t<\/section>\n\t\t\t\t\t\t\t\t\t<\/div>\n\t\t\t<\/div>\n\t\t\t\t\t<\/div>\n\t\t","protected":false},"excerpt":{"rendered":"<p>Essen &amp; Wein Jesolo ist nicht nur f\u00fcr sein Meer und die vielen Touristikangebote bekannt, sondern auch f\u00fcr seine kulinarische Kultur. Die Stadt liegt auf einer Seite am Meer, ist auf der anderen dagegen von gro\u00dfz\u00fcgigen landwirtschaftlichen Gegenden und Fl\u00fcssen eingerahmt, somit kann Jesolo die Flora und Fauna nutzen, um sie in einladende gastronomische Spezialit\u00e4ten [&hellip;]<\/p>\n","protected":false},"author":1,"featured_media":0,"parent":2554,"menu_order":2,"comment_status":"closed","ping_status":"closed","template":"","meta":[],"acf":[],"_links":{"self":[{"href":"https:\/\/www.hotelgalassia.it\/de\/wp-json\/wp\/v2\/pages\/2563"}],"collection":[{"href":"https:\/\/www.hotelgalassia.it\/de\/wp-json\/wp\/v2\/pages"}],"about":[{"href":"https:\/\/www.hotelgalassia.it\/de\/wp-json\/wp\/v2\/types\/page"}],"author":[{"embeddable":true,"href":"https:\/\/www.hotelgalassia.it\/de\/wp-json\/wp\/v2\/users\/1"}],"replies":[{"embeddable":true,"href":"https:\/\/www.hotelgalassia.it\/de\/wp-json\/wp\/v2\/comments?post=2563"}],"version-history":[{"count":6,"href":"https:\/\/www.hotelgalassia.it\/de\/wp-json\/wp\/v2\/pages\/2563\/revisions"}],"predecessor-version":[{"id":3132,"href":"https:\/\/www.hotelgalassia.it\/de\/wp-json\/wp\/v2\/pages\/2563\/revisions\/3132"}],"up":[{"embeddable":true,"href":"https:\/\/www.hotelgalassia.it\/de\/wp-json\/wp\/v2\/pages\/2554"}],"wp:attachment":[{"href":"https:\/\/www.hotelgalassia.it\/de\/wp-json\/wp\/v2\/media?parent=2563"}],"curies":[{"name":"wp","href":"https:\/\/api.w.org\/{rel}","templated":true}]}}