
{"id":2554,"date":"2018-12-10T10:23:16","date_gmt":"2018-12-10T09:23:16","guid":{"rendered":"https:\/\/galassia.elpirotest.com\/?page_id=2554"},"modified":"2019-03-02T17:49:57","modified_gmt":"2019-03-02T16:49:57","slug":"jesolo","status":"publish","type":"page","link":"https:\/\/www.hotelgalassia.it\/de\/jesolo\/","title":{"rendered":"Jesolo"},"content":{"rendered":"\t\t<div data-elementor-type=\"wp-post\" data-elementor-id=\"2554\" class=\"elementor elementor-2554 elementor-1406 elementor-bc-flex-widget\">\n\t\t\t\t\t\t<div class=\"elementor-inner\">\n\t\t\t\t<div class=\"elementor-section-wrap\">\n\t\t\t\t\t\t\t\t\t<section class=\"elementor-section elementor-top-section elementor-element elementor-element-2c7dd526 box-with-border elementor-section-boxed elementor-section-height-default elementor-section-height-default elementor-invisible\" data-id=\"2c7dd526\" data-element_type=\"section\" data-settings=\"{&quot;animation&quot;:&quot;zoomIn&quot;}\">\n\t\t\t\t\t\t<div class=\"elementor-container elementor-column-gap-default\">\n\t\t\t\t\t\t\t<div class=\"elementor-row\">\n\t\t\t\t\t<div class=\"elementor-column elementor-col-100 elementor-top-column elementor-element elementor-element-136ed753\" data-id=\"136ed753\" data-element_type=\"column\">\n\t\t\t<div class=\"elementor-column-wrap elementor-element-populated\">\n\t\t\t\t\t\t\t<div class=\"elementor-widget-wrap\">\n\t\t\t\t\t\t<div class=\"elementor-element elementor-element-7614ee04 elementor-widget elementor-widget-image\" data-id=\"7614ee04\" data-element_type=\"widget\" data-widget_type=\"image.default\">\n\t\t\t\t<div class=\"elementor-widget-container\">\n\t\t\t\t\t\t\t\t<div class=\"elementor-image\">\n\t\t\t\t\t\t\t\t\t\t\t\t<img width=\"1024\" height=\"683\" src=\"https:\/\/www.hotelgalassia.it\/wp-content\/uploads\/sites\/9\/2018\/09\/funsport-1024x683.jpg\" class=\"attachment-large size-large\" alt=\"\" loading=\"lazy\" srcset=\"https:\/\/www.hotelgalassia.it\/wp-content\/uploads\/sites\/9\/2018\/09\/funsport-1024x683.jpg 1024w, https:\/\/www.hotelgalassia.it\/wp-content\/uploads\/sites\/9\/2018\/09\/funsport-300x200.jpg 300w, https:\/\/www.hotelgalassia.it\/wp-content\/uploads\/sites\/9\/2018\/09\/funsport-768x512.jpg 768w, https:\/\/www.hotelgalassia.it\/wp-content\/uploads\/sites\/9\/2018\/09\/funsport.jpg 1920w\" sizes=\"(max-width: 1024px) 100vw, 1024px\" \/>\t\t\t\t\t\t\t\t\t\t\t\t\t\t<\/div>\n\t\t\t\t\t\t<\/div>\n\t\t\t\t<\/div>\n\t\t\t\t<div class=\"elementor-element elementor-element-e83ff title-mattia elementor-widget elementor-widget-text-editor\" data-id=\"e83ff\" data-element_type=\"widget\" data-widget_type=\"text-editor.default\">\n\t\t\t\t<div class=\"elementor-widget-container\">\n\t\t\t\t\t\t\t\t<div class=\"elementor-text-editor elementor-clearfix\">\n\t\t\t\t<p>Die zu erlebende Stadt Jesolo<\/p>\n\t\t\t\t\t<\/div>\n\t\t\t\t\t\t<\/div>\n\t\t\t\t<\/div>\n\t\t\t\t<div class=\"elementor-element elementor-element-1aed732e text-mattia elementor-widget elementor-widget-text-editor\" data-id=\"1aed732e\" data-element_type=\"widget\" data-widget_type=\"text-editor.default\">\n\t\t\t\t<div class=\"elementor-widget-container\">\n\t\t\t\t\t\t\t\t<div class=\"elementor-text-editor elementor-clearfix\">\n\t\t\t\t<p>Meer, Sonne, Entspannung, Lokale, Kinderspielpl\u00e4tze, Vergn\u00fcgen, Events und Unterhaltung: Jesolo ist das ideale Urlaubsziel f\u00fcr alle Altersklassen.<\/p>\n<p>Wenn Sie die zahlreichen Freizeitm\u00f6glichkeiten auch am Strand nutzen m\u00f6chten, ist die Adresse unseres Hotels die Richtige, um unbeschwerte Tage im <strong>Aqualandia<\/strong>, der Wasserpark mit den h\u00f6chsten Rutschen Europas zu verbringen und um auf schnellstem Wege alles M\u00f6gliche zu erreichen: das hohe <strong>Riesenrad<\/strong>, der <strong>Jesolo Golf Club<\/strong>, die <strong>Tennispl\u00e4tze<\/strong>, der <strong>Jachthafen<\/strong> und die <strong>Segelschule<\/strong>, das <strong>Reitzentrum<\/strong>, die Tiere des <strong>Tropicariums<\/strong>, das <strong>Sea Life<\/strong> Acquarium, die Schlauchspiele der <strong>Gommapiuma<\/strong>, die <strong>Jolly Roger<\/strong> Galeone, die Attraktionen des <strong>Luna Parks New Jesolandia<\/strong>, die Go-Kart-Bahn <strong>Pista Azzurra<\/strong>,die \u00fcber 200 Kilometer Radwege in der Jesolo-Natur des <strong>Adria Bikes Hotels<\/strong>&#8230;<\/p>\n<p>Als unsere G\u00e4ste k\u00f6nnen Sie dank <strong>spezieller Vereinbarungen<\/strong> vorteilhafte Bedingungen f\u00fcr die Ticketpreise der Hauptattraktionen in Anspruch nehmen.<\/p>\n<p>Das Hotel befindet sich nur wenige Meter von der Strandpromenade <strong>Lungomare delle Stelle<\/strong>, die den ber\u00fchmtesten italienischen K\u00fcnstlern gewidmet ist, und nur wenige Schritte von der l\u00e4ngsten <strong>Fu\u00dfg\u00e4ngerzone<\/strong> Europas entfernt. Hier finden Sie trendige Clubs und Restaurants, Gesch\u00e4fte, Boutiquen, Konzerte, Shows und tausend andere Gelegenheiten&#8230;<\/p>\n<p>Jesolo ist also total zu erkunden. Wenn Sie <strong>zu Fu\u00df oder mit dem Fahrrad<\/strong> einen Ausflug machen, haben Sie die M\u00f6glichkeit, die Umgebung zu Fu\u00df oder mit dem Fahrrad zwischen Himmel und Meer zu erkunden.<\/p>\n<p>Das herrliche <strong>Venedig und die wundersch\u00f6nen Inseln der Lagune<\/strong> waren noch nie so nah, genauso wie die anderen <strong>St\u00e4dte der venezianischen Kunst<\/strong> \u2013 Treviso, Padua, Vicenza, Verona, Asolo oder Bassano del Grappa -, in denen Kultur, Geschichte und Landschaft wunderbar integriert sind&#8230;<\/p>\n<p>Hier sind einige der <strong>vielen Freizeitm\u00f6glichkeiten<\/strong> f\u00fcr diejenigen, die einen Urlaub in unserem Hotel mit direktem Blick auf das Meer <strong>buchen<\/strong>. Kommen Sie und probieren Sie sie aus!<\/p>\n\t\t\t\t\t<\/div>\n\t\t\t\t\t\t<\/div>\n\t\t\t\t<\/div>\n\t\t\t\t<div class=\"elementor-element elementor-element-07a62de elementor-widget-divider--view-line elementor-widget elementor-widget-divider\" data-id=\"07a62de\" data-element_type=\"widget\" data-widget_type=\"divider.default\">\n\t\t\t\t<div class=\"elementor-widget-container\">\n\t\t\t\t\t<div class=\"elementor-divider\">\n\t\t\t<span class=\"elementor-divider-separator\">\n\t\t\t\t\t\t<\/span>\n\t\t<\/div>\n\t\t\t\t<\/div>\n\t\t\t\t<\/div>\n\t\t\t\t<section class=\"elementor-section elementor-top-section elementor-element elementor-element-d58b4ac box-with-border elementor-section-boxed elementor-section-height-default elementor-section-height-default elementor-invisible\" data-id=\"d58b4ac\" data-element_type=\"section\" data-settings=\"{&quot;animation&quot;:&quot;bounceInLeft&quot;}\">\n\t\t\t\t\t\t<div class=\"elementor-container elementor-column-gap-default\">\n\t\t\t\t\t\t\t<div class=\"elementor-row\">\n\t\t\t\t\t<div class=\"elementor-column elementor-col-66 elementor-top-column elementor-element elementor-element-d247a3a\" data-id=\"d247a3a\" data-element_type=\"column\">\n\t\t\t<div class=\"elementor-column-wrap elementor-element-populated\">\n\t\t\t\t\t\t\t<div class=\"elementor-widget-wrap\">\n\t\t\t\t\t\t<div class=\"elementor-element elementor-element-90c306b text-mattia elementor-widget elementor-widget-heading\" data-id=\"90c306b\" data-element_type=\"widget\" data-widget_type=\"heading.default\">\n\t\t\t\t<div class=\"elementor-widget-container\">\n\t\t\t<h2 class=\"elementor-heading-title elementor-size-large\">Kunst &amp; Kultur<\/h2>\t\t<\/div>\n\t\t\t\t<\/div>\n\t\t\t\t<div class=\"elementor-element elementor-element-63f0cf1 text-mattia elementor-widget elementor-widget-text-editor\" data-id=\"63f0cf1\" data-element_type=\"widget\" data-widget_type=\"text-editor.default\">\n\t\t\t\t<div class=\"elementor-widget-container\">\n\t\t\t\t\t\t\t\t<div class=\"elementor-text-editor elementor-clearfix\">\n\t\t\t\t<p>Jesolo befindet sich in einer strategischen Lage, die f\u00fcr alle Liebhaber der Kunst und Kultur interessant ist. Von Jesolo aus k\u00f6nnen in kurzer Zeit die sch\u00f6nsten venezianischen Kunstst\u00e4dte erreicht werden, wie Venedig mit ihren Inseln, Padua und Treviso. Im Auto oder auf dem Boot \u2013 der Ort am Meer ist ein einfacher Ausgangspunkt f\u00fcr Eintagesausfl\u00fcge auf Entdeckungsreise der umliegenden Sch\u00f6nheiten: das Binnengebiet mit seinen gr\u00fcnen Landschaften, die Lagune Venedigs, die venezianischen Villen, die St\u00e4dte mit ihren historischen Monumenten und die charakteristischen Gegenden.<\/p>\n\t\t\t\t\t<\/div>\n\t\t\t\t\t\t<\/div>\n\t\t\t\t<\/div>\n\t\t\t\t\t\t<\/div>\n\t\t\t\t\t<\/div>\n\t\t<\/div>\n\t\t\t\t<div class=\"elementor-column elementor-col-33 elementor-top-column elementor-element elementor-element-43c979f\" data-id=\"43c979f\" data-element_type=\"column\">\n\t\t\t<div class=\"elementor-column-wrap elementor-element-populated\">\n\t\t\t\t\t\t\t<div class=\"elementor-widget-wrap\">\n\t\t\t\t\t\t<div class=\"elementor-element elementor-element-4f419b9 elementor-widget elementor-widget-image\" data-id=\"4f419b9\" data-element_type=\"widget\" data-widget_type=\"image.default\">\n\t\t\t\t<div class=\"elementor-widget-container\">\n\t\t\t\t\t\t\t\t<div class=\"elementor-image\">\n\t\t\t\t\t\t\t\t\t\t\t\t<img width=\"300\" height=\"183\" src=\"https:\/\/www.hotelgalassia.it\/wp-content\/uploads\/sites\/9\/2018\/09\/artculture-300x183.jpg\" class=\"attachment-medium size-medium\" alt=\"\" loading=\"lazy\" srcset=\"https:\/\/www.hotelgalassia.it\/wp-content\/uploads\/sites\/9\/2018\/09\/artculture-300x183.jpg 300w, https:\/\/www.hotelgalassia.it\/wp-content\/uploads\/sites\/9\/2018\/09\/artculture-768x468.jpg 768w, https:\/\/www.hotelgalassia.it\/wp-content\/uploads\/sites\/9\/2018\/09\/artculture-1024x623.jpg 1024w, https:\/\/www.hotelgalassia.it\/wp-content\/uploads\/sites\/9\/2018\/09\/artculture.jpg 1920w\" sizes=\"(max-width: 300px) 100vw, 300px\" \/>\t\t\t\t\t\t\t\t\t\t\t\t\t\t<\/div>\n\t\t\t\t\t\t<\/div>\n\t\t\t\t<\/div>\n\t\t\t\t<div class=\"elementor-element elementor-element-8c73b51 elementor-widget-divider--view-line elementor-widget elementor-widget-divider\" data-id=\"8c73b51\" data-element_type=\"widget\" data-widget_type=\"divider.default\">\n\t\t\t\t<div class=\"elementor-widget-container\">\n\t\t\t\t\t<div class=\"elementor-divider\">\n\t\t\t<span class=\"elementor-divider-separator\">\n\t\t\t\t\t\t<\/span>\n\t\t<\/div>\n\t\t\t\t<\/div>\n\t\t\t\t<\/div>\n\t\t\t\t<div class=\"elementor-element elementor-element-948a3be button-mattia hvr-curl-bottom-right elementor-widget elementor-widget-button\" data-id=\"948a3be\" data-element_type=\"widget\" data-widget_type=\"button.default\">\n\t\t\t\t<div class=\"elementor-widget-container\">\n\t\t\t\t\t<div class=\"elementor-button-wrapper\">\n\t\t\t<a href=\"https:\/\/www.hotelgalassia.it\/de\/jesolo\/kunst-kultur\/\" class=\"elementor-button-link elementor-button elementor-size-sm\" role=\"button\">\n\t\t\t\t\t\t<span class=\"elementor-button-content-wrapper\">\n\t\t\t\t\t\t<span class=\"elementor-button-text\">weiter<\/span>\n\t\t<\/span>\n\t\t\t\t\t<\/a>\n\t\t<\/div>\n\t\t\t\t<\/div>\n\t\t\t\t<\/div>\n\t\t\t\t\t\t<\/div>\n\t\t\t\t\t<\/div>\n\t\t<\/div>\n\t\t\t\t\t\t\t\t<\/div>\n\t\t\t\t\t<\/div>\n\t\t<\/section>\n\t\t\t\t<section class=\"elementor-section elementor-top-section elementor-element elementor-element-126f860 box-with-border elementor-section-boxed elementor-section-height-default elementor-section-height-default elementor-invisible\" data-id=\"126f860\" data-element_type=\"section\" data-settings=\"{&quot;animation&quot;:&quot;bounceInRight&quot;}\">\n\t\t\t\t\t\t<div class=\"elementor-container elementor-column-gap-default\">\n\t\t\t\t\t\t\t<div class=\"elementor-row\">\n\t\t\t\t\t<div class=\"elementor-column elementor-col-66 elementor-top-column elementor-element elementor-element-ff19352\" data-id=\"ff19352\" data-element_type=\"column\">\n\t\t\t<div class=\"elementor-column-wrap elementor-element-populated\">\n\t\t\t\t\t\t\t<div class=\"elementor-widget-wrap\">\n\t\t\t\t\t\t<div class=\"elementor-element elementor-element-e7182bb text-mattia elementor-widget elementor-widget-heading\" data-id=\"e7182bb\" data-element_type=\"widget\" data-widget_type=\"heading.default\">\n\t\t\t\t<div class=\"elementor-widget-container\">\n\t\t\t<h2 class=\"elementor-heading-title elementor-size-large\">Essen &amp; Wein<\/h2>\t\t<\/div>\n\t\t\t\t<\/div>\n\t\t\t\t<div class=\"elementor-element elementor-element-7c913a9 text-mattia elementor-widget elementor-widget-text-editor\" data-id=\"7c913a9\" data-element_type=\"widget\" data-widget_type=\"text-editor.default\">\n\t\t\t\t<div class=\"elementor-widget-container\">\n\t\t\t\t\t\t\t\t<div class=\"elementor-text-editor elementor-clearfix\">\n\t\t\t\t<p>Jesolo ist nicht nur f\u00fcr sein Meer und die vielen Touristikangebote bekannt, sondern auch f\u00fcr seine kulinarische Kultur. Die Stadt liegt auf einer Seite am Meer, ist auf der anderen dagegen von gro\u00dfz\u00fcgigen landwirtschaftlichen Gegenden und Fl\u00fcssen eingerahmt, somit kann Jesolo die Flora und Fauna nutzen, um sie in einladende gastronomische Spezialit\u00e4ten umzuwandeln.<\/p>\n\t\t\t\t\t<\/div>\n\t\t\t\t\t\t<\/div>\n\t\t\t\t<\/div>\n\t\t\t\t\t\t<\/div>\n\t\t\t\t\t<\/div>\n\t\t<\/div>\n\t\t\t\t<div class=\"elementor-column elementor-col-33 elementor-top-column elementor-element elementor-element-b3df52d\" data-id=\"b3df52d\" data-element_type=\"column\">\n\t\t\t<div class=\"elementor-column-wrap elementor-element-populated\">\n\t\t\t\t\t\t\t<div class=\"elementor-widget-wrap\">\n\t\t\t\t\t\t<div class=\"elementor-element elementor-element-865854e elementor-widget elementor-widget-image\" data-id=\"865854e\" data-element_type=\"widget\" data-widget_type=\"image.default\">\n\t\t\t\t<div class=\"elementor-widget-container\">\n\t\t\t\t\t\t\t\t<div class=\"elementor-image\">\n\t\t\t\t\t\t\t\t\t\t\t\t<img width=\"300\" height=\"200\" src=\"https:\/\/www.hotelgalassia.it\/wp-content\/uploads\/sites\/9\/2018\/09\/foodwine-300x200.jpg\" class=\"attachment-medium size-medium\" alt=\"\" loading=\"lazy\" srcset=\"https:\/\/www.hotelgalassia.it\/wp-content\/uploads\/sites\/9\/2018\/09\/foodwine-300x200.jpg 300w, https:\/\/www.hotelgalassia.it\/wp-content\/uploads\/sites\/9\/2018\/09\/foodwine-768x512.jpg 768w, https:\/\/www.hotelgalassia.it\/wp-content\/uploads\/sites\/9\/2018\/09\/foodwine-1024x683.jpg 1024w, https:\/\/www.hotelgalassia.it\/wp-content\/uploads\/sites\/9\/2018\/09\/foodwine.jpg 1920w\" sizes=\"(max-width: 300px) 100vw, 300px\" \/>\t\t\t\t\t\t\t\t\t\t\t\t\t\t<\/div>\n\t\t\t\t\t\t<\/div>\n\t\t\t\t<\/div>\n\t\t\t\t<div class=\"elementor-element elementor-element-7933543 elementor-widget-divider--view-line elementor-widget elementor-widget-divider\" data-id=\"7933543\" data-element_type=\"widget\" data-widget_type=\"divider.default\">\n\t\t\t\t<div class=\"elementor-widget-container\">\n\t\t\t\t\t<div class=\"elementor-divider\">\n\t\t\t<span class=\"elementor-divider-separator\">\n\t\t\t\t\t\t<\/span>\n\t\t<\/div>\n\t\t\t\t<\/div>\n\t\t\t\t<\/div>\n\t\t\t\t<div class=\"elementor-element elementor-element-a7fc48d button-mattia hvr-curl-bottom-right elementor-widget elementor-widget-button\" data-id=\"a7fc48d\" data-element_type=\"widget\" data-widget_type=\"button.default\">\n\t\t\t\t<div class=\"elementor-widget-container\">\n\t\t\t\t\t<div class=\"elementor-button-wrapper\">\n\t\t\t<a href=\"https:\/\/www.hotelgalassia.it\/de\/jesolo\/oenogastronomie\/\" class=\"elementor-button-link elementor-button elementor-size-sm\" role=\"button\">\n\t\t\t\t\t\t<span class=\"elementor-button-content-wrapper\">\n\t\t\t\t\t\t<span class=\"elementor-button-text\">weiter<\/span>\n\t\t<\/span>\n\t\t\t\t\t<\/a>\n\t\t<\/div>\n\t\t\t\t<\/div>\n\t\t\t\t<\/div>\n\t\t\t\t\t\t<\/div>\n\t\t\t\t\t<\/div>\n\t\t<\/div>\n\t\t\t\t\t\t\t\t<\/div>\n\t\t\t\t\t<\/div>\n\t\t<\/section>\n\t\t\t\t<section class=\"elementor-section elementor-top-section elementor-element elementor-element-fd0d703 box-with-border elementor-section-boxed elementor-section-height-default elementor-section-height-default elementor-invisible\" data-id=\"fd0d703\" data-element_type=\"section\" data-settings=\"{&quot;animation&quot;:&quot;bounceInLeft&quot;}\">\n\t\t\t\t\t\t<div class=\"elementor-container elementor-column-gap-default\">\n\t\t\t\t\t\t\t<div class=\"elementor-row\">\n\t\t\t\t\t<div class=\"elementor-column elementor-col-66 elementor-top-column elementor-element elementor-element-b7de4e5\" data-id=\"b7de4e5\" data-element_type=\"column\">\n\t\t\t<div class=\"elementor-column-wrap elementor-element-populated\">\n\t\t\t\t\t\t\t<div class=\"elementor-widget-wrap\">\n\t\t\t\t\t\t<div class=\"elementor-element elementor-element-9e71313 text-mattia elementor-widget elementor-widget-heading\" data-id=\"9e71313\" data-element_type=\"widget\" data-widget_type=\"heading.default\">\n\t\t\t\t<div class=\"elementor-widget-container\">\n\t\t\t<h2 class=\"elementor-heading-title elementor-size-large\">Sport &amp; Spa\u00df<\/h2>\t\t<\/div>\n\t\t\t\t<\/div>\n\t\t\t\t<div class=\"elementor-element elementor-element-fbf20cf text-mattia elementor-widget elementor-widget-text-editor\" data-id=\"fbf20cf\" data-element_type=\"widget\" data-widget_type=\"text-editor.default\">\n\t\t\t\t<div class=\"elementor-widget-container\">\n\t\t\t\t\t\t\t\t<div class=\"elementor-text-editor elementor-clearfix\">\n\t\t\t\t<p>Wer schon in Jesolo gewesen ist, war sicherlich von der Leidenschaft des Orts am Meer in puncto Vergn\u00fcgen und Unterhaltung \u00fcberrascht. In Jesolo kann man sich nicht langweilen: die Unterhaltungsm\u00f6glichkeiten sind unendlich, angefangen bei den vielen Sportm\u00f6glichkeiten bis zu den zahlreichen Vergn\u00fcgungsorten tags\u00fcber, abends und nachts.<\/p>\n\t\t\t\t\t<\/div>\n\t\t\t\t\t\t<\/div>\n\t\t\t\t<\/div>\n\t\t\t\t\t\t<\/div>\n\t\t\t\t\t<\/div>\n\t\t<\/div>\n\t\t\t\t<div class=\"elementor-column elementor-col-33 elementor-top-column elementor-element elementor-element-d37fb15\" data-id=\"d37fb15\" data-element_type=\"column\">\n\t\t\t<div class=\"elementor-column-wrap elementor-element-populated\">\n\t\t\t\t\t\t\t<div class=\"elementor-widget-wrap\">\n\t\t\t\t\t\t<div class=\"elementor-element elementor-element-4080801 elementor-widget elementor-widget-image\" data-id=\"4080801\" data-element_type=\"widget\" data-widget_type=\"image.default\">\n\t\t\t\t<div class=\"elementor-widget-container\">\n\t\t\t\t\t\t\t\t<div class=\"elementor-image\">\n\t\t\t\t\t\t\t\t\t\t\t\t<img width=\"300\" height=\"200\" src=\"https:\/\/www.hotelgalassia.it\/wp-content\/uploads\/sites\/9\/2018\/09\/funsport-300x200.jpg\" class=\"attachment-medium size-medium\" alt=\"\" loading=\"lazy\" srcset=\"https:\/\/www.hotelgalassia.it\/wp-content\/uploads\/sites\/9\/2018\/09\/funsport-300x200.jpg 300w, https:\/\/www.hotelgalassia.it\/wp-content\/uploads\/sites\/9\/2018\/09\/funsport-768x512.jpg 768w, https:\/\/www.hotelgalassia.it\/wp-content\/uploads\/sites\/9\/2018\/09\/funsport-1024x683.jpg 1024w, https:\/\/www.hotelgalassia.it\/wp-content\/uploads\/sites\/9\/2018\/09\/funsport.jpg 1920w\" sizes=\"(max-width: 300px) 100vw, 300px\" \/>\t\t\t\t\t\t\t\t\t\t\t\t\t\t<\/div>\n\t\t\t\t\t\t<\/div>\n\t\t\t\t<\/div>\n\t\t\t\t<div class=\"elementor-element elementor-element-44ef35e elementor-widget-divider--view-line elementor-widget elementor-widget-divider\" data-id=\"44ef35e\" data-element_type=\"widget\" data-widget_type=\"divider.default\">\n\t\t\t\t<div class=\"elementor-widget-container\">\n\t\t\t\t\t<div class=\"elementor-divider\">\n\t\t\t<span class=\"elementor-divider-separator\">\n\t\t\t\t\t\t<\/span>\n\t\t<\/div>\n\t\t\t\t<\/div>\n\t\t\t\t<\/div>\n\t\t\t\t<div class=\"elementor-element elementor-element-9757819 button-mattia hvr-curl-bottom-right elementor-widget elementor-widget-button\" data-id=\"9757819\" data-element_type=\"widget\" data-widget_type=\"button.default\">\n\t\t\t\t<div class=\"elementor-widget-container\">\n\t\t\t\t\t<div class=\"elementor-button-wrapper\">\n\t\t\t<a href=\"https:\/\/www.hotelgalassia.it\/de\/jesolo\/vergnuegen-sport\/\" class=\"elementor-button-link elementor-button elementor-size-sm\" role=\"button\">\n\t\t\t\t\t\t<span class=\"elementor-button-content-wrapper\">\n\t\t\t\t\t\t<span class=\"elementor-button-text\">weiter<\/span>\n\t\t<\/span>\n\t\t\t\t\t<\/a>\n\t\t<\/div>\n\t\t\t\t<\/div>\n\t\t\t\t<\/div>\n\t\t\t\t\t\t<\/div>\n\t\t\t\t\t<\/div>\n\t\t<\/div>\n\t\t\t\t\t\t\t\t<\/div>\n\t\t\t\t\t<\/div>\n\t\t<\/section>\n\t\t\t\t\t\t<\/div>\n\t\t\t\t\t<\/div>\n\t\t<\/div>\n\t\t\t\t\t\t\t\t<\/div>\n\t\t\t\t\t<\/div>\n\t\t<\/section>\n\t\t\t\t\t\t\t\t\t<\/div>\n\t\t\t<\/div>\n\t\t\t\t\t<\/div>\n\t\t","protected":false},"excerpt":{"rendered":"<p>Die zu erlebende Stadt Jesolo Meer, Sonne, Entspannung, Lokale, Kinderspielpl\u00e4tze, Vergn\u00fcgen, Events und Unterhaltung: Jesolo ist das ideale Urlaubsziel f\u00fcr alle Altersklassen. Wenn Sie die zahlreichen Freizeitm\u00f6glichkeiten auch am Strand nutzen m\u00f6chten, ist die Adresse unseres Hotels die Richtige, um unbeschwerte Tage im Aqualandia, der Wasserpark mit den h\u00f6chsten Rutschen Europas zu verbringen und um [&hellip;]<\/p>\n","protected":false},"author":1,"featured_media":0,"parent":0,"menu_order":0,"comment_status":"closed","ping_status":"closed","template":"","meta":[],"acf":[],"_links":{"self":[{"href":"https:\/\/www.hotelgalassia.it\/de\/wp-json\/wp\/v2\/pages\/2554"}],"collection":[{"href":"https:\/\/www.hotelgalassia.it\/de\/wp-json\/wp\/v2\/pages"}],"about":[{"href":"https:\/\/www.hotelgalassia.it\/de\/wp-json\/wp\/v2\/types\/page"}],"author":[{"embeddable":true,"href":"https:\/\/www.hotelgalassia.it\/de\/wp-json\/wp\/v2\/users\/1"}],"replies":[{"embeddable":true,"href":"https:\/\/www.hotelgalassia.it\/de\/wp-json\/wp\/v2\/comments?post=2554"}],"version-history":[{"count":11,"href":"https:\/\/www.hotelgalassia.it\/de\/wp-json\/wp\/v2\/pages\/2554\/revisions"}],"predecessor-version":[{"id":3174,"href":"https:\/\/www.hotelgalassia.it\/de\/wp-json\/wp\/v2\/pages\/2554\/revisions\/3174"}],"wp:attachment":[{"href":"https:\/\/www.hotelgalassia.it\/de\/wp-json\/wp\/v2\/media?parent=2554"}],"curies":[{"name":"wp","href":"https:\/\/api.w.org\/{rel}","templated":true}]}}